{"id":6420,"date":"2020-02-06T08:57:13","date_gmt":"2020-02-06T07:57:13","guid":{"rendered":"https:\/\/bip.tu.kielce.pl\/?page_id=6420"},"modified":"2024-09-06T08:34:16","modified_gmt":"2024-09-06T06:34:16","slug":"raporty-i-uchwaly-pka","status":"publish","type":"page","link":"https:\/\/bip-arch.tu.kielce.pl\/?page_id=6420","title":{"rendered":"Raporty i uchwa\u0142y PKA"},"content":{"rendered":"<p><strong>Oceny Polskiej Komisji Akredytacyjnej (PKA)<\/strong><\/p>\n<hr \/>\n<p><strong>kierunki na Wydziale Budownictwa i Architektury<\/strong><\/p>\n<ul>\n<li><strong>architektura<\/strong>, I i II stopie\u0144, profil og\u00f3lnoakademicki, rok oceny 2022<br \/>\n<a href=\"https:\/\/bip.tu.kielce.pl\/informacje-ogolne\/raporty-i-uchwaly-pka\/pka-wbia-2021\/\">raport PKA<\/a><br \/>\n<a href=\"https:\/\/bip.tu.kielce.pl\/informacje-ogolne\/raporty-i-uchwaly-pka\/uchwala-pka-nr-177_22-z-dn-24-03-2022\/\">uchwa\u0142a PKA<\/a><\/li>\n<\/ul>\n<ul>\n<li><strong>architektura<\/strong>, I i II stopie\u0144, profil og\u00f3lnoakademicki, rok oceny 2015<br \/>\n<a href=\"http:\/\/www.pka.edu.pl\/raporty\/2016\/01\/22\/raport_Kielce.pdf\">raport PKA<\/a><br \/>\n<a href=\"http:\/\/www.pka.edu.pl\/uchwaly\/2016\/01\/22\/uchwala_ocena_ps_tran.pdf\">uchwa\u0142a PKA<\/a><\/li>\n<\/ul>\n<ul>\n<li><strong>budownictwo<\/strong>, I i II stopie\u0144, profil og\u00f3lnoakademicki, rok oceny 2018<br \/>\n<a href=\"http:\/\/www.pka.edu.pl\/raporty\/2018\/07\/18\/Politechnika_Swietokrzyska_budownictwo.pdf\">raport PKA<\/a><br \/>\n<a href=\"http:\/\/www.pka.edu.pl\/uchwaly\/2018\/07\/18\/uchwala_ocena_PSk_budownictwo.pdf\">uchwa\u0142a PKA<\/a><\/li>\n<li><strong>budownictwo<\/strong> I i II stopie\u0144, profil og\u00f3lnoakademicki, rok oceny 2023<br \/>\n<a href=\"https:\/\/bip.tu.kielce.pl\/informacje-ogolne\/raporty-i-uchwaly-pka\/raport-pka-budownictwo_politechnika-swietokrzyska\/\" rel=\"attachment wp-att-12829\">raport PKA<\/a><br \/>\n<a href=\"https:\/\/bip.tu.kielce.pl\/informacje-ogolne\/raporty-i-uchwaly-pka\/2-uchwala_ocena_budownictwo-politechnika-swietokrzyska_1\/\" rel=\"attachment wp-att-12828\">uchwa\u0142a PKA<\/a><\/li>\n<\/ul>\n<hr \/>\n<p><strong>kierunki na Wydziale Elektrotechniki, Automatyki i Informatyki<\/strong><\/p>\n<ul>\n<li><strong>elektrotechnika<\/strong>, I i II stopie\u0144, profil og\u00f3lnoakademicki, rok oceny 2019<br \/>\n<a href=\"https:\/\/bip.tu.kielce.pl\/informacje-ogolne\/raporty-i-uchwaly-pka\/raport_pka_elektrotechnika_psk_2018\/\">raport PKA<\/a><br \/>\n<a href=\"https:\/\/bip.tu.kielce.pl\/informacje-ogolne\/raporty-i-uchwaly-pka\/uchwala-pka-elektrotechnika\/\">uchwa\u0142a PKA<\/a><\/li>\n<li><strong>informatyka<\/strong>, I i II stopie\u0144, profil og\u00f3lnoakademicki, rok oceny 2019<br \/>\n<a href=\"http:\/\/www.pka.edu.pl\/raporty\/2019\/06\/25\/27_informatyka_PSw_-_po_wprowadzeniu_uwag.pdf\">raport PKA<\/a><br \/>\n<a href=\"http:\/\/www.pka.edu.pl\/uchwaly\/2019\/06\/25\/ocena_inf_PS_Kielce_.pdf\">uchwa\u0142a PKA<\/a><\/li>\n<\/ul>\n<hr \/>\n<p><strong>kierunki na Wydzia\u0142 In\u017cynierii \u015arodowiska, Geodezji i Energetyki Odnawialnej<br \/>\n<\/strong><\/p>\n<ul>\n<li><strong>geodezja i kartografia<\/strong>, I i II stopie\u0144, profil praktyczny, rok oceny 2018<br \/>\n<a href=\"http:\/\/www.pka.edu.pl\/raporty\/2018\/12\/28\/Politechnika_Swietokrzyska_GiK.pdf\">raport PKA<\/a><br \/>\n<a href=\"http:\/\/www.pka.edu.pl\/uchwaly\/2018\/12\/28\/uchwala_ocena_Politechnika_Swietokrzyska_GiK.pdf\">uchwa\u0142a PKA<\/a><\/li>\n<li><strong>in\u017cynieria \u015brodowiska<\/strong>, I i II stopie\u0144, og\u00f3lnoakademicki 2018<br \/>\n<a href=\"http:\/\/www.pka.edu.pl\/raporty\/2018\/11\/23\/Politechnika_Swietokrzyska_IS.pdf\">raport PKA<\/a><br \/>\n<a href=\"http:\/\/www.pka.edu.pl\/uchwaly\/2018\/11\/23\/uchwala_ocena_Politechnika_Swietokrzyska_IS.pdf\">uchwa\u0142a PKA<\/a><\/li>\n<\/ul>\n<hr \/>\n<p><strong>kierunki na Wydziale Mechatroniki i Budowy Maszyn<\/strong><\/p>\n<ul>\n<li><strong>automatyka i robotyka<\/strong>, I i II stopie\u0144, profil og\u00f3lnoakademicki, rok oceny 2019<br \/>\n<a href=\"https:\/\/bip.tu.kielce.pl\/informacje-ogolne\/raporty-i-uchwaly-pka\/uchwala-pka_air-2019\/\">uchwa\u0142a PKA<\/a><\/li>\n<li><strong>transport<\/strong> (od roku 2020\/2021 <strong>in\u017cynieria \u015brodk\u00f3w transportu<\/strong>), I i II stopie\u0144, profil og\u00f3lnoakademicki, rok oceny 2015<br \/>\n<a href=\"http:\/\/www.pka.edu.pl\/raporty\/2015\/12\/21\/PS_tra.pdf\">raport PKA<\/a><br \/>\n<a href=\"https:\/\/bip.tu.kielce.pl\/informacje-ogolne\/raporty-i-uchwaly-pka\/uchwala_pka_transport_2015\/\" rel=\"attachment wp-att-11816\">uchwa\u0142a PKA<\/a><br \/>\nprofil og\u00f3lnoakademicki, rok oceny 2021<br \/>\n<a href=\"https:\/\/bip.tu.kielce.pl\/informacje-ogolne\/raporty-i-uchwaly-pka\/uchwala-pka\/\">uchwa\u0142a PKA<\/a><\/li>\n<li><strong>mechanika i budowa maszyn<\/strong>, I i II stopie\u0144, profil og\u00f3lnoakademicki, rok oceny 2017<br \/>\n<a href=\"http:\/\/www.pka.edu.pl\/raporty\/2017\/10\/26\/Politechnika_Swietokrzyska_MiBM.pdf\">raport PKA<\/a><br \/>\n<a href=\"https:\/\/bip.tu.kielce.pl\/informacje-ogolne\/raporty-i-uchwaly-pka\/uchwala-pka_mibm_2017\/\">uchwa\u0142a PKA<\/a><\/li>\n<li><strong>mechanika i budowa maszyn<\/strong>, I i II stopie\u0144, profil og\u00f3lnoakademicki, rok oceny 2023<br \/>\n<a href=\"https:\/\/bip.tu.kielce.pl\/informacje-ogolne\/raporty-i-uchwaly-pka\/uchwala-2024\/\" rel=\"attachment wp-att-12586\">uchwa\u0142a PKA<\/a><\/li>\n<\/ul>\n<hr \/>\n<p><strong>kierunki na Wydziale Zarz\u0105dzania i Modelowania Komputerowego<\/strong><\/p>\n<ul>\n<li><strong>In\u017cynieria danych, <\/strong> I stopie\u0144, profil praktyczny, rok oceny 2022<br \/>\n<a href=\"https:\/\/bip.tu.kielce.pl\/informacje-ogolne\/raporty-i-uchwaly-pka\/0120_220829142509_001\/\" rel=\"attachment wp-att-11463\">raport PKA<\/a><br \/>\n<a href=\"https:\/\/bip.tu.kielce.pl\/informacje-ogolne\/raporty-i-uchwaly-pka\/pka-id\/\" rel=\"attachment wp-att-11462\">uchwa\u0142a PKA<\/a><\/li>\n<li><strong>ekonomia<\/strong>, I i II stopie\u0144, profil praktyczny<br \/>\nodst\u0105pienie od oceny\u00a0 &#8211; <a href=\"https:\/\/www.pka.edu.pl\/wp-content\/epka\/uchwaly\/2021\/06\/30\/4.ocena_P.Swietokrzyska_e_ostapienie-WC.pdf\">Uchwa\u0142a nr 359\/2021 Prezydium Polskiej Komisji Akredytacyjnej z dnia 6 maja 2021 r.<\/a><\/li>\n<li><strong>logistyka,<\/strong> I stopie\u0144, profil og\u00f3lnoakademicki, rok oceny 2018<br \/>\n<a href=\"https:\/\/www.pka.edu.pl\/raporty\/2018\/02\/07\/Politechnika_Swietokrzyska_logistyka.pdf\">raport PKA<\/a><br \/>\n<a href=\"https:\/\/bip.tu.kielce.pl\/informacje-ogolne\/raporty-i-uchwaly-pka\/uchwalapka-logistyka\/\">uchwa\u0142a PKA<\/a><\/li>\n<li><strong>logistyka<\/strong>, I stopie\u0144, profil og\u00f3lnoakademicki, rok oceny 2023<br \/>\n<a href=\"https:\/\/bip.tu.kielce.pl\/informacje-ogolne\/raporty-i-uchwaly-pka\/logistyka-i-st\/\" rel=\"attachment wp-att-12975\">uchwa\u0142a PKA<\/a><\/li>\n<li><strong>zarz\u0105dzanie i in\u017cynieria produkcji<\/strong>, I i II stopie\u0144, profil og\u00f3lnoakademicki, rok oceny 2017<br \/>\n<a href=\"http:\/\/www.pka.edu.pl\/raporty\/2017\/03\/23\/Politechnika_Swietokrzyska.pdf\">raport PKA<\/a><br \/>\n<a href=\"https:\/\/bip.tu.kielce.pl\/informacje-ogolne\/raporty-i-uchwaly-pka\/uchwala-pka-19-2017\/\">uchwa\u0142a PKA<\/a><\/li>\n<li><strong>zarz\u0105dzanie i in\u017cynieria produkcji<\/strong>, I i II stopie\u0144, profil og\u00f3lnoakademicki, rok oceny 2024<br \/>\n<a href=\"https:\/\/bip.tu.kielce.pl\/informacje-ogolne\/raporty-i-uchwaly-pka\/1-wprs_ocena_zarzadzanie-i-inzynieria-produkcji-psk-kielce_p\/\" rel=\"attachment wp-att-13079\">uchwa\u0142a PKA<\/a><\/li>\n<\/ul>\n","protected":false},"excerpt":{"rendered":"<p>Oceny Polskiej Komisji Akredytacyjnej (PKA) kierunki na Wydziale Budownictwa i Architektury architektura, I i II stopie\u0144, profil og\u00f3lnoakademicki, rok oceny 2022 raport PKA uchwa\u0142a PKA architektura, I i II stopie\u0144, profil og\u00f3lnoakademicki, rok oceny 2015 raport PKA uchwa\u0142a PKA budownictwo, &hellip; <a href=\"https:\/\/bip-arch.tu.kielce.pl\/?page_id=6420\">Czytaj dalej <span class=\"meta-nav\">&rarr;<\/span><\/a><\/p>\n","protected":false},"author":5,"featured_media":0,"parent":126,"menu_order":0,"comment_status":"closed","ping_status":"closed","template":"sidebar-page.php","meta":{"_acf_changed":false,"footnotes":""},"class_list":["post-6420","page","type-page","status-publish","hentry"],"acf":[],"publishpress_future_action":{"enabled":false,"date":"2026-04-23 21:30:56","action":"change-status","newStatus":"draft","terms":[],"taxonomy":""},"publishpress_future_workflow_manual_trigger":{"enabledWorkflows":[]},"_links":{"self":[{"href":"https:\/\/bip-arch.tu.kielce.pl\/index.php?rest_route=\/wp\/v2\/pages\/6420","targetHints":{"allow":["GET"]}}],"collection":[{"href":"https:\/\/bip-arch.tu.kielce.pl\/index.php?rest_route=\/wp\/v2\/pages"}],"about":[{"href":"https:\/\/bip-arch.tu.kielce.pl\/index.php?rest_route=\/wp\/v2\/types\/page"}],"author":[{"embeddable":true,"href":"https:\/\/bip-arch.tu.kielce.pl\/index.php?rest_route=\/wp\/v2\/users\/5"}],"replies":[{"embeddable":true,"href":"https:\/\/bip-arch.tu.kielce.pl\/index.php?rest_route=%2Fwp%2Fv2%2Fcomments&post=6420"}],"version-history":[{"count":0,"href":"https:\/\/bip-arch.tu.kielce.pl\/index.php?rest_route=\/wp\/v2\/pages\/6420\/revisions"}],"up":[{"embeddable":true,"href":"https:\/\/bip-arch.tu.kielce.pl\/index.php?rest_route=\/wp\/v2\/pages\/126"}],"wp:attachment":[{"href":"https:\/\/bip-arch.tu.kielce.pl\/index.php?rest_route=%2Fwp%2Fv2%2Fmedia&parent=6420"}],"curies":[{"name":"wp","href":"https:\/\/api.w.org\/{rel}","templated":true}]}}