{"id":4080,"date":"2019-06-05T13:46:47","date_gmt":"2019-06-05T11:46:47","guid":{"rendered":"https:\/\/bip.tu.kielce.pl\/?page_id=4080"},"modified":"2024-03-07T13:01:04","modified_gmt":"2024-03-07T12:01:04","slug":"szkola-doktorska","status":"publish","type":"page","link":"https:\/\/bip-arch.tu.kielce.pl\/?page_id=4080","title":{"rendered":"Szko\u0142a doktorska"},"content":{"rendered":"<p><strong>Zasady rekrutacji w roku akademickim 2024\/2025<\/strong><\/p>\n<p><a href=\"https:\/\/bip.tu.kielce.pl\/informacje-ogolne\/szkola-doktorska\/decyzja-nr-1-24\/\" rel=\"attachment wp-att-12660\">Decyzja Nr 1 z dnia 6 marca 2024 r. w sprawie szczeg\u00f3\u0142owego harmonogramu post\u0119powania rekrutacyjnego na rok akademicki 2024\/2025<\/a><\/p>\n<p><a href=\"https:\/\/bip.tu.kielce.pl\/informacje-ogolne\/szkola-doktorska\/uch_s_212_24\/\" rel=\"attachment wp-att-12651\">Uchwa\u0142a Nr 212\/24 Senatu Politechniki \u015awi\u0119tokrzyskiej z dnia 28 lutego 2024 r. w sprawie zasad rekrutacji do Szko\u0142y Doktorskiej w Politechnice \u015awi\u0119tokrzyskiej na rok akademicki 2024\/2025<\/a><\/p>\n<p><a href=\"https:\/\/bip.tu.kielce.pl\/informacje-ogolne\/szkola-doktorska\/uch_s_212_24_zal1\/\" rel=\"attachment wp-att-12654\">Za\u0142\u0105cznik Nr 1 do Uchwa\u0142y Senatu P\u015ak Nr 212\/24 z dnia 28 lutego 2024 r. &#8211; O\u015bwiadczenie potencjalnego promotora dla kandydata do Szko\u0142y Doktorskiej w Politechnice \u015awi\u0119tokrzyskiej na rok akademicki 2024\/2025<\/a><\/p>\n<p><a href=\"https:\/\/bip.tu.kielce.pl\/informacje-ogolne\/szkola-doktorska\/uch_s_212_24_zal2\/\" rel=\"attachment wp-att-12653\">Za\u0142\u0105cznik Nr 2 do Uchwa\u0142y Senatu P\u015ak Nr 212\/24 z dnia 28 lutego 2024 r. &#8211; Pomys\u0142\/projekt badawczy przysz\u0142ej rozprawy doktorskiej<\/a><\/p>\n<p><a href=\"https:\/\/bip.tu.kielce.pl\/informacje-ogolne\/szkola-doktorska\/uch_s_212_24_zal3\/\" rel=\"attachment wp-att-12652\">Za\u0142\u0105cznik Nr 3 do Uchwa\u0142y Senatu P\u015ak Nr 212\/24 z dnia 28 lutego 2024 r. &#8211; O\u015bwiadczenia kandydata do Szko\u0142y Doktorskiej w Politechnice \u015awi\u0119tokrzyskiej na rok akademicki 2024\/2<\/a><\/p>\n<hr \/>\n<p><strong>Zasady rekrutacji w roku akademickim 2023\/2024<\/strong><\/p>\n<p><a href=\"https:\/\/bip.tu.kielce.pl\/informacje-ogolne\/szkola-doktorska\/decyzja-dodatkowa-rekrutacja\/\" rel=\"attachment wp-att-12204\">Decyzja Nr 14\/23 Dyrektora Szko\u0142y Doktorskiej w Politechnice \u015awi\u0119tokrzyskiej z dnia 22 wrze\u015bnia 2023 r. w sprawie harmonogramu rekrutacji uzupe\u0142niaj\u0105cej na rok akademicki 2023\/2024<\/a><\/p>\n<p><a href=\"https:\/\/bip.tu.kielce.pl\/informacje-ogolne\/szkola-doktorska\/uch_s_179_23\/\" rel=\"attachment wp-att-11891\">Uchwa\u0142a Nr 179\/23 Senatu Politechniki \u015awi\u0119tokrzyskiej z dnia 29 marca 2023 r. w sprawie zasad rekrutacji do Szko\u0142y Doktorskiej w Politechnice \u015awi\u0119tokrzyskiej na rok akademicki 2023\/2024<\/a><\/p>\n<p><a href=\"https:\/\/bip.tu.kielce.pl\/informacje-ogolne\/szkola-doktorska\/uch_s_179_23_zal\/\" rel=\"attachment wp-att-11892\">Za\u0142\u0105cznik do uchwa\u0142y Senatu Nr 179\/23 &#8211; O\u015bwiadczenia kandydata do Szko\u0142y Doktorskiej w Politechnice w \u015awi\u0119tokrzyskiej na rok akademicki 2023\/2024<\/a><\/p>\n<p><a href=\"https:\/\/bip.tu.kielce.pl\/informacje-ogolne\/szkola-doktorska\/harmonogram-rekrutacji-do-szkoly-doktorskiej_23\/\" rel=\"attachment wp-att-11893\">Decyzja Nr 2\/23 Dyrektora Szko\u0142y Doktorskiej w Politechnice \u015awi\u0119tokrzyskiej z dnia 29 marca 2023 r. w sprawie szczeg\u00f3\u0142owego harmonogramu post\u0119powania rekrutacyjnego na rok akademicki 2023\/2024<\/a><\/p>\n<hr \/>\n<p><strong>Program kszta\u0142cenia w Szkole Doktorskiej w Politechnice \u015awi\u0119tokrzyskiej<\/strong><\/p>\n<p><a href=\"https:\/\/bip.tu.kielce.pl\/informacje-ogolne\/szkola-doktorska\/uch_s_213_24\/\" rel=\"attachment wp-att-12648\">Uchwa\u0142a Senatu Politechniki \u015awi\u0119tokrzyskiej Nr 213\/24 z dn. 28 lutego 2024 r.<\/a><\/p>\n<p><a href=\"https:\/\/bip.tu.kielce.pl\/informacje-ogolne\/szkola-doktorska\/uch_s_213_24_zal\/\" rel=\"attachment wp-att-12649\">Za\u0142\u0105cznik do Uchwa\u0142y Nr 213\/24 &#8211; program kszta\u0142cenia obowi\u0105zuj\u0105cy doktorant\u00f3w rozpoczynaj\u0105cych kszta\u0142cenie od rok ak. 2024\/2025<\/a><\/p>\n<p><a href=\"https:\/\/bip.tu.kielce.pl\/informacje-ogolne\/szkola-doktorska\/uch_s_180_23\/\" rel=\"attachment wp-att-11896\">Uchwa\u0142a Nr 180\/23 Senatu Politechniki \u015awi\u0119tokrzyskiej z dnia 29 marca 2023 r. w sprawie zmian w programie kszta\u0142cenia w Szkole Doktorskiej w zwi\u0105zku ze zmian\u0105 nazw dyscyplin naukowych<\/a><\/p>\n<p><a href=\"https:\/\/bip.tu.kielce.pl\/informacje-ogolne\/szkola-doktorska\/uch_s_77_21\/\">Uchwa\u0142a Nr 77\/21 Senatu Politechniki \u015awi\u0119tokrzyskiej z dnia 24 lutego 2021 r. zmieniaj\u0105ca uchwa\u0142\u0119 Senatu Nr 200\/19 z dnia 29 maja 2019 r w sprawie ustalenia programu kszta\u0142cenia w Szkole Doktorskiej w Politechnice \u015awi\u0119tokrzyskiej<\/a><\/p>\n<p><a href=\"https:\/\/bip.tu.kielce.pl\/informacje-ogolne\/szkola-doktorska\/uch_s_77_21_zalacznik-2\/\">Za\u0142\u0105cznik do Uchwa\u0142y NR 77\/21 &#8211; PROGRAM KSZTA\u0141CENIA<\/a><\/p>\n<p><a href=\"https:\/\/bip.tu.kielce.pl\/informacje-ogolne\/szkola-doktorska\/uch_s_205_19\/\">Uchwa\u0142a Nr 205\/19 Senatu Politechniki \u015awi\u0119tokrzyskiej z dnia 26 czerwca 2019 r. zmieniaj\u0105ca uchwa\u0142\u0119 Senatu Nr 200\/19 z dnia 29 maja 2019 r. w sprawie ustalenia programu kszta\u0142cenia w Szkole Doktorskiej w Politechnice \u015awi\u0119tokrzyskiej<\/a><\/p>\n<p><a href=\"https:\/\/bip.tu.kielce.pl\/informacje-ogolne\/szkola-doktorska\/uch_s_200_19\/\">Uchwa\u0142a Nr 200\/19 Senatu Politechniki \u015awi\u0119tokrzyskiej z dnia 29 maja 2019 r. w sprawie ustalenia programu kszta\u0142cenia w Szkole Doktorskiej w Politechnice \u015awi\u0119tokrzyskiej<\/a><\/p>\n<p><a href=\"https:\/\/bip.tu.kielce.pl\/informacje-ogolne\/szkola-doktorska\/uch_s_200_19_zalacznik\/\">Za\u0142\u0105cznik do Uchwa\u0142y Senatu Nr 200\/19<br \/>\nPROGRAM KSZTA\u0141CENIA W SZKOLE DOKTORSKIEJ W POLITECHNICE \u015aWI\u0118TOKRZYSKIEJ<\/a><\/p>\n<hr \/>\n<p><a href=\"https:\/\/bip.tu.kielce.pl\/informacje-ogolne\/szkola-doktorska\/uch_s_129_22_zalacznik-nr-2_regulamin-szkoly-doktorskiej-t_j\/\"><strong>Regulamin Szko\u0142y Doktorskiej w Politechnice \u015awi\u0119tokrzyskiej<\/strong><\/a><\/p>\n<p><a href=\"https:\/\/bip.tu.kielce.pl\/informacje-ogolne\/szkola-doktorska\/uch_s_186_23\/\" rel=\"attachment wp-att-11960\">Uchwa\u0142a Senatu Nr 186\/23 z dnia 26 kwietnia 2023 r. w sprawie zmian w Regulaminie Szko\u0142y Doktorskiej w Politechnice \u015awi\u0119tokrzyskiej<\/a><\/p>\n<p><a href=\"https:\/\/bip.tu.kielce.pl\/informacje-ogolne\/szkola-doktorska\/uch_s_186_23_zal\/\" rel=\"attachment wp-att-11961\">Za\u0142\u0105cznik \u2013 tekst jednolity Regulaminu<\/a><\/p>\n<ul>\n<li><a href=\"https:\/\/bip.tu.kielce.pl\/informacje-ogolne\/szkola-doktorska\/uch_s_129_22_zalacznik-nr-2_regulamin-szkoly-doktorskiej-t_j_zalacznik-nr-1\/\">Za\u0142\u0105cznik Nr 1 do Regulaminu &#8211; Wniosek o wyznaczenie promotora<\/a><\/li>\n<li><a href=\"https:\/\/bip.tu.kielce.pl\/informacje-ogolne\/szkola-doktorska\/uch_s_129_22_zalacznik-nr-2_regulamin-szkoly-doktorskiej-t_j_zalacznik-nr-2\/\">Za\u0142\u0105cznik nr 2 do Regulaminu &#8211; Wniosek o wyznaczenie promotora pomocniczego<\/a><\/li>\n<li><a href=\"https:\/\/bip.tu.kielce.pl\/informacje-ogolne\/szkola-doktorska\/uch_s_129_22_zalacznik-nr-2_regulamin-szkoly-doktorskiej-t_j_zalacznik-nr-3\/\">Sprawozdanie z Przebiegu Przygotowania Rozprawy Doktorskiej i Realizacji IPB<\/a><\/li>\n<\/ul>\n<p><a href=\"https:\/\/bip.tu.kielce.pl\/informacje-ogolne\/szkola-doktorska\/uch_s_92_21\/\">Uchwa\u0142a Nr 92\/21 Senatu Politechniki \u015awi\u0119tokrzyskiej z dnia 28 kwietnia 2021 r. w sprawie zmian w Regulaminie Szko\u0142y Doktorskiej w Politechnice \u015awi\u0119tokrzyskiej<\/a><\/p>\n<ul>\n<li><a href=\"https:\/\/bip.tu.kielce.pl\/informacje-ogolne\/szkola-doktorska\/uch_s_92_21_zalacznik-nr-1\/\">Za\u0142\u0105cznik Nr 1 &#8211; Wniosek o wyznaczenie promotora<\/a><\/li>\n<li><a href=\"https:\/\/bip.tu.kielce.pl\/informacje-ogolne\/szkola-doktorska\/uch_s_92_21_zalacznik-nr-2\/\">Za\u0142\u0105cznik Nr 2 &#8211; Wniosek o wyznaczenie promotora pomocniczego<\/a><\/li>\n<li><a href=\"https:\/\/bip.tu.kielce.pl\/informacje-ogolne\/szkola-doktorska\/uch_s_92_21_zalacznik-nr-3\/\">Za\u0142\u0105cznik Nr 3 &#8211; Sprawozdanie z Przebiegu Przygotowania Rozprawy Doktorskiej i Realizacji IPB za rok akademicki<\/a><\/li>\n<li><a href=\"https:\/\/bip.tu.kielce.pl\/informacje-ogolne\/szkola-doktorska\/uch_s_92_21_zalacznik-nr-4\/\">Za\u0142\u0105cznik Nr 4 &#8211; REGULAMIN SZKO\u0141Y DOKTORSKIEJ W POLITECHNICE \u015aWI\u0118TOKRZYSKIEJ (Tekst jednolity przyj\u0119ty uchwa\u0142\u0105 Senatu Nr 92\/21<\/a><\/li>\n<\/ul>\n<p><a href=\"https:\/\/bip.tu.kielce.pl\/informacje-ogolne\/szkola-doktorska\/uch_s_345_20\/\">Uchwa\u0142a Nr 345\/20 Senatu Politechniki \u015awi\u0119tokrzyskiej z dnia 29 kwietnia 2020 r. w sprawie zmiany organizacji kszta\u0142cenia doktorant\u00f3w w Szkole Doktorskiej w Politechnice \u015awi\u0119tokrzyskiej w roku akademickim 2019\/2020<\/a><\/p>\n<p><a href=\"https:\/\/bip.tu.kielce.pl\/informacje-ogolne\/szkola-doktorska\/uch_s_261_19\/\">Uchwa\u0142a Nr 261\/19 Senatu Politechniki \u015awi\u0119tokrzyskiej z dnia 25 wrze\u015bnia 2019 r. w sprawie Regulaminu Szko\u0142y Doktorskiej w Politechnice \u015awi\u0119tokrzyskiej<\/a><\/p>\n<p><a href=\"https:\/\/bip.tu.kielce.pl\/informacje-ogolne\/szkola-doktorska\/uch_s_261_19_zalacznik-regualmin-szkoly-doktorskiej\/\">za\u0142\u0105cznik nr 1 &#8211; REGULAMIN SZKO\u0141Y DOKTORSKIEJ W POLITECHNICE \u015aWI\u0118TOKRZYSKIEJ<\/a><\/p>\n<hr \/>\n<p style=\"text-align: center;\"><a class=\"btn\" href=\"https:\/\/bip.tu.kielce.pl\/informacje-ogolne\/szkola-doktorska\/szkola-doktorska-archiwum\/\">Archiwum<\/a><\/p>\n","protected":false},"excerpt":{"rendered":"<p>Zasady rekrutacji w roku akademickim 2024\/2025 Decyzja Nr 1 z dnia 6 marca 2024 r. w sprawie szczeg\u00f3\u0142owego harmonogramu post\u0119powania rekrutacyjnego na rok akademicki 2024\/2025 Uchwa\u0142a Nr 212\/24 Senatu Politechniki \u015awi\u0119tokrzyskiej z dnia 28 lutego 2024 r. w sprawie zasad &hellip; <a href=\"https:\/\/bip-arch.tu.kielce.pl\/?page_id=4080\">Czytaj dalej <span class=\"meta-nav\">&rarr;<\/span><\/a><\/p>\n","protected":false},"author":5,"featured_media":0,"parent":126,"menu_order":0,"comment_status":"closed","ping_status":"closed","template":"sidebar-page.php","meta":{"_acf_changed":false,"footnotes":""},"class_list":["post-4080","page","type-page","status-publish","hentry"],"acf":[],"publishpress_future_action":{"enabled":false,"date":"2026-04-11 13:38:36","action":"change-status","newStatus":"draft","terms":[],"taxonomy":""},"publishpress_future_workflow_manual_trigger":{"enabledWorkflows":[]},"_links":{"self":[{"href":"https:\/\/bip-arch.tu.kielce.pl\/index.php?rest_route=\/wp\/v2\/pages\/4080","targetHints":{"allow":["GET"]}}],"collection":[{"href":"https:\/\/bip-arch.tu.kielce.pl\/index.php?rest_route=\/wp\/v2\/pages"}],"about":[{"href":"https:\/\/bip-arch.tu.kielce.pl\/index.php?rest_route=\/wp\/v2\/types\/page"}],"author":[{"embeddable":true,"href":"https:\/\/bip-arch.tu.kielce.pl\/index.php?rest_route=\/wp\/v2\/users\/5"}],"replies":[{"embeddable":true,"href":"https:\/\/bip-arch.tu.kielce.pl\/index.php?rest_route=%2Fwp%2Fv2%2Fcomments&post=4080"}],"version-history":[{"count":0,"href":"https:\/\/bip-arch.tu.kielce.pl\/index.php?rest_route=\/wp\/v2\/pages\/4080\/revisions"}],"up":[{"embeddable":true,"href":"https:\/\/bip-arch.tu.kielce.pl\/index.php?rest_route=\/wp\/v2\/pages\/126"}],"wp:attachment":[{"href":"https:\/\/bip-arch.tu.kielce.pl\/index.php?rest_route=%2Fwp%2Fv2%2Fmedia&parent=4080"}],"curies":[{"name":"wp","href":"https:\/\/api.w.org\/{rel}","templated":true}]}}