{"id":264,"date":"2017-07-12T14:46:24","date_gmt":"2017-07-12T12:46:24","guid":{"rendered":"http:\/\/bip.tu.kielce.pl\/?page_id=264"},"modified":"2024-02-08T11:41:06","modified_gmt":"2024-02-08T10:41:06","slug":"wzory-dokumentow","status":"publish","type":"page","link":"https:\/\/bip-arch.tu.kielce.pl\/?page_id=264","title":{"rendered":"Wzory dokument\u00f3w"},"content":{"rendered":"<p><strong><a href=\"https:\/\/bip.tu.kielce.pl\/wp-content\/uploads\/2023\/12\/Zarz_R_120_23_zalacznik-nr-3-tekst-jednolity.pdf\">REGULAMIN UDZIELANIA ZAM\u00d3WIE\u0143 PUBLICZNYCH<\/a><\/strong><\/p>\n<hr \/>\n<ul>\n<li><span style=\"color: #000000;\"><strong>Wniosek o udzielenie zam\u00f3wienia<\/strong><\/span><\/li>\n<\/ul>\n<p style=\"text-align: left;\"><a href=\"https:\/\/bip.tu.kielce.pl\/wp-content\/uploads\/2022\/05\/Zarz_R_17_22_zalacznik_tekst-jednolity_zalacznik-nr-3.doc\">Wz\u00f3r wniosku<\/a><\/p>\n<ul>\n<li><span style=\"color: #000000;\"><strong>Zapotrzebowanie na zakup aparatury, sprz\u0119tu komputerowego, oprogramowania<\/strong><\/span><\/li>\n<\/ul>\n<p><a href=\"https:\/\/bip.tu.kielce.pl\/wp-content\/uploads\/2022\/05\/Zarz_R_17_22_zalacznik_tekst-jednolity_zalacznik-nr-7.doc\">Wz\u00f3r zapotrzebowania<\/a><\/p>\n<ul>\n<li><span style=\"color: #000000;\"><strong>Zapytanie ofertowe, formularz oferty, umowa na pi\u015bmie, o\u015bwiadczenia<\/strong><\/span><\/li>\n<\/ul>\n<p><a href=\"https:\/\/bip.tu.kielce.pl\/wp-content\/uploads\/2024\/02\/Zarz_R_120_23_zalacznik-nr-2-zalacznik-nr-9.doc\"> Wz\u00f3r zapytania ofertowego, formularza oferty, umowy na pi\u015bmie, o\u015bwiadcze\u0144<\/a><\/p>\n<ul>\n<li><span style=\"color: #000000;\"><strong>Protok\u00f3\u0142 wyboru Wykonawcy<\/strong><\/span><\/li>\n<\/ul>\n<p><a href=\"https:\/\/bip.tu.kielce.pl\/wp-content\/uploads\/2022\/05\/Zarz_R_17_22_zalacznik_tekst-jednolity_zalacznik-nr-6.doc\">Wz\u00f3r protoko\u0142u wyboru Wykonawcy<\/a><\/p>\n<hr \/>\n<p><span style=\"color: #000000;\"><strong><a style=\"color: #000000;\" href=\"https:\/\/bip.tu.kielce.pl\/wp-content\/uploads\/2021\/01\/WZOR-Analizy-potrzeb-i-wymagan.doc\">ANALIZA POTRZEB I WYMAGA\u0143 (wz\u00f3r)<\/a>\u00a0 &#8211; dot. zam\u00f3wie\u0144 powy\u017cej prog\u00f3w\u00a0unijnych<\/strong><\/span><\/p>\n<hr \/>\n<p><span style=\"color: #000000;\"><strong><a style=\"color: #000000;\" href=\"https:\/\/bip.tu.kielce.pl\/wp-content\/uploads\/2021\/03\/Rekomendacje-UZP_sprzet-komputerowy.pdf\">Rekomendacje Prezesa UZP do udzielania zam\u00f3wie\u0144 na sprz\u0119t komputerowy<\/a><\/strong><\/span><\/p>\n<p><span style=\"color: #000000;\"><strong><a style=\"color: #000000;\" href=\"https:\/\/bip.tu.kielce.pl\/wp-content\/uploads\/2022\/05\/II-TOM-REKOMENDACJI-PREZESA-UZP-ZAMoWIENIA-PUBLICZNE-NA-SYSTEMY-INFORMATYCZNE.pdf\">Rekomendacje Prezesa UZP do udzielania zam\u00f3wie\u0144 na systemy informatyczne<\/a><\/strong><\/span><\/p>\n<p><strong><span style=\"color: #000000;\"><a style=\"color: #000000;\" href=\"https:\/\/bip.tu.kielce.pl\/wp-content\/uploads\/2022\/05\/OPINIE-PREZESA-UZP-DOTYCZaCE-ZAGADNIEn-ZWIaZANYCH-Z-ZAMoWIENIAMI-ORGANIZOWANYMI-PRZEZ-SZKOlY-WYzSZE.pdf\">Opinie Prezesa UZP dotycz\u0105ce zagadnie\u0144 zwi\u0105zanych z zam\u00f3wieniami organizowanymi przez Szko\u0142y Wy\u017csze<\/a><\/span><\/strong><\/p>\n","protected":false},"excerpt":{"rendered":"<p>REGULAMIN UDZIELANIA ZAM\u00d3WIE\u0143 PUBLICZNYCH Wniosek o udzielenie zam\u00f3wienia Wz\u00f3r wniosku Zapotrzebowanie na zakup aparatury, sprz\u0119tu komputerowego, oprogramowania Wz\u00f3r zapotrzebowania Zapytanie ofertowe, formularz oferty, umowa na pi\u015bmie, o\u015bwiadczenia Wz\u00f3r zapytania ofertowego, formularza oferty, umowy na pi\u015bmie, o\u015bwiadcze\u0144 Protok\u00f3\u0142 wyboru Wykonawcy Wz\u00f3r &hellip; <a href=\"https:\/\/bip-arch.tu.kielce.pl\/?page_id=264\">Czytaj dalej <span class=\"meta-nav\">&rarr;<\/span><\/a><\/p>\n","protected":false},"author":6,"featured_media":0,"parent":167,"menu_order":0,"comment_status":"closed","ping_status":"closed","template":"sidebar-page.php","meta":{"_acf_changed":false,"footnotes":""},"class_list":["post-264","page","type-page","status-publish","hentry"],"acf":[],"publishpress_future_action":{"enabled":false,"date":"2026-04-26 06:50:45","action":"change-status","newStatus":"draft","terms":[],"taxonomy":""},"publishpress_future_workflow_manual_trigger":{"enabledWorkflows":[]},"_links":{"self":[{"href":"https:\/\/bip-arch.tu.kielce.pl\/index.php?rest_route=\/wp\/v2\/pages\/264","targetHints":{"allow":["GET"]}}],"collection":[{"href":"https:\/\/bip-arch.tu.kielce.pl\/index.php?rest_route=\/wp\/v2\/pages"}],"about":[{"href":"https:\/\/bip-arch.tu.kielce.pl\/index.php?rest_route=\/wp\/v2\/types\/page"}],"author":[{"embeddable":true,"href":"https:\/\/bip-arch.tu.kielce.pl\/index.php?rest_route=\/wp\/v2\/users\/6"}],"replies":[{"embeddable":true,"href":"https:\/\/bip-arch.tu.kielce.pl\/index.php?rest_route=%2Fwp%2Fv2%2Fcomments&post=264"}],"version-history":[{"count":0,"href":"https:\/\/bip-arch.tu.kielce.pl\/index.php?rest_route=\/wp\/v2\/pages\/264\/revisions"}],"up":[{"embeddable":true,"href":"https:\/\/bip-arch.tu.kielce.pl\/index.php?rest_route=\/wp\/v2\/pages\/167"}],"wp:attachment":[{"href":"https:\/\/bip-arch.tu.kielce.pl\/index.php?rest_route=%2Fwp%2Fv2%2Fmedia&parent=264"}],"curies":[{"name":"wp","href":"https:\/\/api.w.org\/{rel}","templated":true}]}}