{"id":1520,"date":"2018-06-12T12:53:23","date_gmt":"2018-06-12T10:53:23","guid":{"rendered":"http:\/\/bip.tu.kielce.pl\/?page_id=1520"},"modified":"2023-06-05T12:27:25","modified_gmt":"2023-06-05T10:27:25","slug":"status-prawny-uczelni","status":"publish","type":"page","link":"https:\/\/bip-arch.tu.kielce.pl\/?page_id=1520","title":{"rendered":"Status prawny Uczelni"},"content":{"rendered":"<p>Politechnika \u015awi\u0119tokrzyska z siedzib\u0105 w Kielcach jest publiczn\u0105 szko\u0142\u0105 wy\u017csz\u0105 dzia\u0142aj\u0105c\u0105 na podstawie ustawy Prawo o szkolnictwie wy\u017cszym i nauce <b>(Dz. U. 2018 r. poz. 1668)<\/b><\/p>\n<p>Uczelnia ma osobowo\u015b\u0107 prawn\u0105.<\/p>\n<p>Podstaw\u0119 prawn\u0105 dzia\u0142alno\u015bci stanowi:<\/p>\n<ol>\n<li>Ustawa &#8211; Prawo o szkolnictwie wy\u017cszym i nauce<\/li>\n<li><a href=\"http:\/\/tu.kielce.pl\/statut\/\">Statut Politechniki \u015awi\u0119tokrzyskiej<\/a><\/li>\n<\/ol>\n<p>Uczelni\u0119 reprezentuje Rektor na podstawie ww. ustawy i aktu wyboru.<\/p>\n<p><strong>Strategia Rozwoju Politechniki \u015awi\u0119tokrzyskiej na lata 2015-2025<\/strong><\/p>\n<p><a href=\"https:\/\/bip.tu.kielce.pl\/wp-content\/uploads\/2021\/05\/Uch_S_162_15.pdf\">Uchwa\u0142a Nr 162\/15 Senatu Politechniki \u015awi\u0119tokrzyskiej z dnia 28 stycznia 2015 roku w sprawie przyj\u0119cia Strategii Rozwoju Politechniki \u015awi\u0119tokrzyskiej na lata 2015-2025<\/a><\/p>\n<p><a href=\"https:\/\/bip.tu.kielce.pl\/wp-content\/uploads\/2021\/05\/Uch_S_162_15_zalacznik_Strategia-Rozwoju-Politechniki-Swietokrzyskiej_28_01_2015.pdf\">za\u0142\u0105cznik &#8211; Strategia Rozwoju Politechniki \u015awi\u0119tokrzyskiej<\/a><\/p>\n<p><b>Strategia Politechniki \u015awi\u0119tokrzyskiej na lata 2023 &#8211; 2027<\/b><\/p>\n<p><a href=\"https:\/\/bip.tu.kielce.pl\/informacje-ogolne\/status-prawny-uczelni\/uch_s_188_23\/\" rel=\"attachment wp-att-12016\">Uchwa\u0142a Nr 188\/23 Senatu Politechniki \u015awi\u0119tokrzyskiej z dnia 24 maja 2023 r. w sprawie przyj\u0119cia Strategii Politechniki \u015awi\u0119tokrzyskiej na lata 2023 &#8211; 2027<\/a><\/p>\n<p><a href=\"https:\/\/bip.tu.kielce.pl\/informacje-ogolne\/status-prawny-uczelni\/uch_s_188_23_zalacznik\/\" rel=\"attachment wp-att-12015\">Za\u0142\u0105cznik do Uchwa\u0142y Senatu P\u015ak Nr 188\/23 z dnia 24 maja 2023 r. &#8211; Strategia Politechniki \u015awi\u0119tokrzyskiej na lata 2023 &#8211; 2027<\/a><\/p>\n<hr \/>\n<p><strong>Akty za\u0142o\u017cycielskie Uczelni:<\/strong><\/p>\n<ol>\n<li>Utworzenie Kielecko-Radomskiej Wieczorowej Szko\u0142y In\u017cynierskiej w Kielcach [Rozporz\u0105dzenie Rady Ministr\u00f3w z dnia 3 czerwca 1965 r. Dz.U. 1965 nr 23 poz. 145]<\/li>\n<li>Przekszta\u0142cenie Kielecko-Radomskiej Wy\u017cszej Szko\u0142y In\u017cynierskiej w Politechnik\u0119 \u015awi\u0119tokrzysk\u0105 [Rozporz\u0105dzenie Rady Ministr\u00f3w z dnia 19 wrze\u015bnia 1974 r. Dz.U. 1974 nr 34 poz. 200]<\/li>\n<\/ol>\n","protected":false},"excerpt":{"rendered":"<p>Politechnika \u015awi\u0119tokrzyska z siedzib\u0105 w Kielcach jest publiczn\u0105 szko\u0142\u0105 wy\u017csz\u0105 dzia\u0142aj\u0105c\u0105 na podstawie ustawy Prawo o szkolnictwie wy\u017cszym i nauce (Dz. U. 2018 r. poz. 1668) Uczelnia ma osobowo\u015b\u0107 prawn\u0105. Podstaw\u0119 prawn\u0105 dzia\u0142alno\u015bci stanowi: Ustawa &#8211; Prawo o szkolnictwie wy\u017cszym &hellip; <a href=\"https:\/\/bip-arch.tu.kielce.pl\/?page_id=1520\">Czytaj dalej <span class=\"meta-nav\">&rarr;<\/span><\/a><\/p>\n","protected":false},"author":5,"featured_media":0,"parent":126,"menu_order":0,"comment_status":"closed","ping_status":"closed","template":"sidebar-page.php","meta":{"_acf_changed":false,"footnotes":""},"class_list":["post-1520","page","type-page","status-publish","hentry"],"acf":[],"publishpress_future_action":{"enabled":false,"date":"2026-04-23 21:30:56","action":"change-status","newStatus":"draft","terms":[],"taxonomy":""},"publishpress_future_workflow_manual_trigger":{"enabledWorkflows":[]},"_links":{"self":[{"href":"https:\/\/bip-arch.tu.kielce.pl\/index.php?rest_route=\/wp\/v2\/pages\/1520","targetHints":{"allow":["GET"]}}],"collection":[{"href":"https:\/\/bip-arch.tu.kielce.pl\/index.php?rest_route=\/wp\/v2\/pages"}],"about":[{"href":"https:\/\/bip-arch.tu.kielce.pl\/index.php?rest_route=\/wp\/v2\/types\/page"}],"author":[{"embeddable":true,"href":"https:\/\/bip-arch.tu.kielce.pl\/index.php?rest_route=\/wp\/v2\/users\/5"}],"replies":[{"embeddable":true,"href":"https:\/\/bip-arch.tu.kielce.pl\/index.php?rest_route=%2Fwp%2Fv2%2Fcomments&post=1520"}],"version-history":[{"count":0,"href":"https:\/\/bip-arch.tu.kielce.pl\/index.php?rest_route=\/wp\/v2\/pages\/1520\/revisions"}],"up":[{"embeddable":true,"href":"https:\/\/bip-arch.tu.kielce.pl\/index.php?rest_route=\/wp\/v2\/pages\/126"}],"wp:attachment":[{"href":"https:\/\/bip-arch.tu.kielce.pl\/index.php?rest_route=%2Fwp%2Fv2%2Fmedia&parent=1520"}],"curies":[{"name":"wp","href":"https:\/\/api.w.org\/{rel}","templated":true}]}}