{"id":10278,"date":"2021-05-25T14:58:29","date_gmt":"2021-05-25T12:58:29","guid":{"rendered":"https:\/\/bip.tu.kielce.pl\/?page_id=10278"},"modified":"2021-11-08T10:35:15","modified_gmt":"2021-11-08T09:35:15","slug":"zarzadzenia-rektora","status":"publish","type":"page","link":"https:\/\/bip-arch.tu.kielce.pl\/?page_id=10278","title":{"rendered":"Zarz\u0105dzenia Rektora"},"content":{"rendered":"<p><a href=\"https:\/\/bip.tu.kielce.pl\/wp-content\/uploads\/2021\/05\/Zarz_R_69_21.pdf\">Zarz\u0105dzenie Nr 69\/21 Rektora Politechniki \u015awi\u0119tokrzyskiej z dnia 20 maja 2021 r. w sprawie okre\u015blenia Zasad udzielania zgody na podj\u0119cie lub kontynuowanie dodatkowego zatrudnienia przez nauczycieli akademickich poza Politechnik\u0105 \u015awi\u0119tokrzysk\u0105 oraz sposobu informowania o zatrudnieniu lub prowadzeniu dzia\u0142alno\u015bci gospodarczej<\/a><br \/>\n<a href=\"https:\/\/bip.tu.kielce.pl\/wp-content\/uploads\/2021\/05\/Zarz_R_69_21_zalacznik_zasady.pdf\">Zasady udzielania zgody na podj\u0119cie lub kontynuowanie dodatkowego zatrudnienia przez nauczycieli akademickich poza Politechnik\u0105 \u015awi\u0119tokrzysk\u0105 oraz sposobu informowania o zatrudnieniu lub prowadzeniu dzia\u0142alno\u015bci gospodarczej<\/a><br \/>\n<a href=\"https:\/\/bip.tu.kielce.pl\/wp-content\/uploads\/2021\/05\/Zarz_R_69_21_zalacznik_zasady_zalacznik_1_OSWIADCZENIE.pdf\">Za\u0142\u0105cznik nr 1 &#8211; O\u015aWIADCZENIE<\/a><br \/>\n<a href=\"https:\/\/bip.tu.kielce.pl\/wp-content\/uploads\/2021\/05\/Zarz_R_69_21_zalacznik_zasady_zalacznik_2_WNIOSEK.pdf\">Za\u0142\u0105cznik nr 2 \u2013 Wniosek o wyra\u017cenie zgody na dodatkowe zatrudnienie u pracodawcy prowadz\u0105cego dzia\u0142alno\u015b\u0107 dydaktyczn\u0105 lub naukow\u0105<\/a><br \/>\n<a href=\"https:\/\/bip.tu.kielce.pl\/wp-content\/uploads\/2021\/05\/Zarz_R_69_21_zalacznik_zasady_zalacznik_3_INFORMACJA.pdf\">Za\u0142\u0105cznik nr 3 \u2013 INFORMACJA o prowadzeniu dzia\u0142alno\u015bci gospodarczej<\/a><\/p>\n","protected":false},"excerpt":{"rendered":"<p>Zarz\u0105dzenie Nr 69\/21 Rektora Politechniki \u015awi\u0119tokrzyskiej z dnia 20 maja 2021 r. w sprawie okre\u015blenia Zasad udzielania zgody na podj\u0119cie lub kontynuowanie dodatkowego zatrudnienia przez nauczycieli akademickich poza Politechnik\u0105 \u015awi\u0119tokrzysk\u0105 oraz sposobu informowania o zatrudnieniu lub prowadzeniu dzia\u0142alno\u015bci gospodarczej Zasady &hellip; <a href=\"https:\/\/bip-arch.tu.kielce.pl\/?page_id=10278\">Czytaj dalej <span class=\"meta-nav\">&rarr;<\/span><\/a><\/p>\n","protected":false},"author":5,"featured_media":0,"parent":0,"menu_order":0,"comment_status":"closed","ping_status":"closed","template":"sidebar-page.php","meta":{"_acf_changed":false,"footnotes":""},"class_list":["post-10278","page","type-page","status-publish","hentry"],"acf":[],"publishpress_future_action":{"enabled":false,"date":"2026-04-26 06:50:45","action":"change-status","newStatus":"draft","terms":[],"taxonomy":""},"publishpress_future_workflow_manual_trigger":{"enabledWorkflows":[]},"_links":{"self":[{"href":"https:\/\/bip-arch.tu.kielce.pl\/index.php?rest_route=\/wp\/v2\/pages\/10278","targetHints":{"allow":["GET"]}}],"collection":[{"href":"https:\/\/bip-arch.tu.kielce.pl\/index.php?rest_route=\/wp\/v2\/pages"}],"about":[{"href":"https:\/\/bip-arch.tu.kielce.pl\/index.php?rest_route=\/wp\/v2\/types\/page"}],"author":[{"embeddable":true,"href":"https:\/\/bip-arch.tu.kielce.pl\/index.php?rest_route=\/wp\/v2\/users\/5"}],"replies":[{"embeddable":true,"href":"https:\/\/bip-arch.tu.kielce.pl\/index.php?rest_route=%2Fwp%2Fv2%2Fcomments&post=10278"}],"version-history":[{"count":0,"href":"https:\/\/bip-arch.tu.kielce.pl\/index.php?rest_route=\/wp\/v2\/pages\/10278\/revisions"}],"wp:attachment":[{"href":"https:\/\/bip-arch.tu.kielce.pl\/index.php?rest_route=%2Fwp%2Fv2%2Fmedia&parent=10278"}],"curies":[{"name":"wp","href":"https:\/\/api.w.org\/{rel}","templated":true}]}}